{"id":51459,"date":"2021-11-17T14:47:17","date_gmt":"2021-11-17T13:47:17","guid":{"rendered":"https:\/\/www.onoranzefunebrilamole.com\/?page_id=51459"},"modified":"2024-11-22T13:33:38","modified_gmt":"2024-11-22T12:33:38","slug":"cerimonia-funebre","status":"publish","type":"page","link":"https:\/\/onoranzefunebrilamole.com\/?page_id=51459","title":{"rendered":"Cerimonia Funebre"},"content":{"rendered":"<p>[et_pb_section fb_built=&#8221;1&#8243; custom_padding_last_edited=&#8221;on|desktop&#8221; admin_label=&#8221;Header&#8221; _builder_version=&#8221;4.27.3&#8243; use_background_color_gradient=&#8221;on&#8221; background_color_gradient_type=&#8221;circular&#8221; background_color_gradient_direction_radial=&#8221;top left&#8221; background_color_gradient_stops=&#8221;rgba(0,0,0,0.6) 19%|rgba(0,0,0,0.6) 100%&#8221; background_color_gradient_overlays_image=&#8221;on&#8221; background_color_gradient_start=&#8221;rgba(0,0,0,0.6)&#8221; background_color_gradient_start_position=&#8221;19%&#8221; background_color_gradient_end=&#8221;rgba(0,0,0,0.6)&#8221; background_image=&#8221;https:\/\/onoranzefunebrilamole.com\/wp-content\/uploads\/2021\/11\/Untitled-design-2021-11-18T111552.492-scaled.jpg&#8221; background_position=&#8221;bottom_center&#8221; custom_padding=&#8221;20vh|0|20vh||false|false&#8221; custom_padding_tablet=&#8221;10vh||10vh||false&#8221; custom_padding_phone=&#8221;5vh||5vh||false&#8221; top_divider_color=&#8221;rgba(12,113,195,0.11)&#8221; top_divider_height=&#8221;750px&#8221; top_divider_flip=&#8221;horizontal&#8221; bottom_divider_color=&#8221;#ffffff&#8221; bottom_divider_height=&#8221;3vw&#8221; bottom_divider_flip=&#8221;vertical&#8221; hover_enabled=&#8221;0&#8243; global_colors_info=&#8221;{}&#8221; title_text=&#8221;Untitled design &#8211; 2021-11-18T111552.492&#8243; sticky_enabled=&#8221;0&#8243;][et_pb_row column_structure=&#8221;1_2,1_2&#8243; _builder_version=&#8221;4.16&#8243; global_colors_info=&#8221;{}&#8221;][et_pb_column type=&#8221;1_2&#8243; _builder_version=&#8221;4.16&#8243; custom_padding=&#8221;|||&#8221; global_colors_info=&#8221;{}&#8221; custom_padding__hover=&#8221;|||&#8221;][et_pb_text _builder_version=&#8221;4.16&#8243; text_font=&#8221;||||||||&#8221; ul_font=&#8221;||||||||&#8221; ol_font=&#8221;||||||||&#8221; header_font=&#8221;Poppins||||||||&#8221; header_font_size=&#8221;70px&#8221; header_letter_spacing=&#8221;1px&#8221; header_line_height=&#8221;1.2em&#8221; header_2_font=&#8221;Vollkorn||||||||&#8221; header_2_font_size=&#8221;44px&#8221; header_2_letter_spacing=&#8221;1px&#8221; header_2_line_height=&#8221;1.4em&#8221; header_3_font=&#8221;Poppins||||||||&#8221; header_3_font_size=&#8221;70px&#8221; header_3_letter_spacing=&#8221;1px&#8221; header_3_line_height=&#8221;1.2em&#8221; header_4_font=&#8221;||||||||&#8221; header_5_font=&#8221;||||||||&#8221; header_6_font=&#8221;||||||||&#8221; background_layout=&#8221;dark&#8221; max_width=&#8221;800px&#8221; module_alignment=&#8221;left&#8221; custom_margin=&#8221;||||false|false&#8221; animation_style=&#8221;slide&#8221; animation_direction=&#8221;left&#8221; animation_intensity_slide=&#8221;2%&#8221; header_font_size_tablet=&#8221;35px&#8221; header_font_size_phone=&#8221;30px&#8221; header_font_size_last_edited=&#8221;on|desktop&#8221; header_2_font_size_tablet=&#8221;35px&#8221; header_2_font_size_phone=&#8221;30px&#8221; header_2_font_size_last_edited=&#8221;on|desktop&#8221; header_3_font_size_tablet=&#8221;35px&#8221; header_3_font_size_phone=&#8221;30px&#8221; header_3_font_size_last_edited=&#8221;on|desktop&#8221; global_colors_info=&#8221;{}&#8221;]<\/p>\n<h3>Cerimonia Funebre<\/h3>\n<p>[\/et_pb_text][\/et_pb_column][et_pb_column type=&#8221;1_2&#8243; _builder_version=&#8221;4.16&#8243; _module_preset=&#8221;default&#8221; custom_padding=&#8221;||||false|false&#8221; global_colors_info=&#8221;{}&#8221;][et_pb_cta button_url=&#8221;#top&#8221; admin_label=&#8221;CTA&#8221; _builder_version=&#8221;4.16&#8243; header_level=&#8221;h1&#8243; header_font=&#8221;Cinzel||||||||&#8221; header_font_size=&#8221;45px&#8221; header_letter_spacing=&#8221;1px&#8221; header_line_height=&#8221;1.3em&#8221; body_font=&#8221;Poppins||||||||&#8221; body_font_size=&#8221;16px&#8221; body_line_height=&#8221;2em&#8221; use_background_color=&#8221;off&#8221; text_orientation=&#8221;left&#8221; max_width=&#8221;500px&#8221; module_alignment=&#8221;left&#8221; custom_margin=&#8221;||||false|false&#8221; custom_padding=&#8221;||||false|false&#8221; animation_style=&#8221;slide&#8221; animation_direction=&#8221;left&#8221; animation_delay=&#8221;200ms&#8221; animation_intensity_slide=&#8221;2%&#8221; header_font_size_tablet=&#8221;35px&#8221; header_font_size_phone=&#8221;30px&#8221; header_font_size_last_edited=&#8221;on|desktop&#8221; global_colors_info=&#8221;{}&#8221; button_text_size__hover_enabled=&#8221;off&#8221; button_one_text_size__hover_enabled=&#8221;off&#8221; button_two_text_size__hover_enabled=&#8221;off&#8221; button_text_color__hover_enabled=&#8221;off&#8221; button_one_text_color__hover_enabled=&#8221;off&#8221; button_two_text_color__hover_enabled=&#8221;off&#8221; button_border_width__hover_enabled=&#8221;off&#8221; button_one_border_width__hover_enabled=&#8221;off&#8221; button_two_border_width__hover_enabled=&#8221;off&#8221; button_border_color__hover_enabled=&#8221;off&#8221; button_one_border_color__hover_enabled=&#8221;off&#8221; button_two_border_color__hover_enabled=&#8221;off&#8221; button_border_radius__hover_enabled=&#8221;off&#8221; button_one_border_radius__hover_enabled=&#8221;off&#8221; button_two_border_radius__hover_enabled=&#8221;off&#8221; button_letter_spacing__hover_enabled=&#8221;off&#8221; button_one_letter_spacing__hover_enabled=&#8221;off&#8221; button_two_letter_spacing__hover_enabled=&#8221;off&#8221; button_bg_color__hover_enabled=&#8221;off&#8221; button_one_bg_color__hover_enabled=&#8221;off&#8221; button_two_bg_color__hover_enabled=&#8221;off&#8221;]Riunirsi con amici e familiari offre a tutti l&#8217;opportunit\u00e0 di connettersi, condividere ricordi, offrire parole di simpatia e creare una rete duratura di conforto e supporto.[\/et_pb_cta][\/et_pb_column][\/et_pb_row][\/et_pb_section][et_pb_section fb_built=&#8221;1&#8243; _builder_version=&#8221;4.16&#8243; _module_preset=&#8221;default&#8221; custom_margin=&#8221;0px||0px||true|false&#8221; custom_padding=&#8221;0px||0px||true|false&#8221; global_colors_info=&#8221;{}&#8221;][et_pb_row column_structure=&#8221;1_2,1_2&#8243; _builder_version=&#8221;4.16&#8243; _module_preset=&#8221;default&#8221; global_colors_info=&#8221;{}&#8221;][et_pb_column type=&#8221;1_2&#8243; _builder_version=&#8221;4.16&#8243; _module_preset=&#8221;default&#8221; global_colors_info=&#8221;{}&#8221;][et_pb_image src=&#8221;https:\/\/onoranzefunebrilamole.com\/wp-content\/uploads\/2021\/11\/Untitled-design-2021-11-18T141718.096.jpg&#8221; align_tablet=&#8221;center&#8221; align_phone=&#8221;&#8221; align_last_edited=&#8221;on|desktop&#8221; _builder_version=&#8221;4.27.3&#8243; custom_margin=&#8221;-30px||0px||false|false&#8221; custom_padding=&#8221;30px||30px||true|false&#8221; hover_enabled=&#8221;0&#8243; border_width_all=&#8221;12px&#8221; border_color_all=&#8221;rgba(183,183,183,0.22)&#8221; border_style_all=&#8221;ridge&#8221; global_colors_info=&#8221;{}&#8221; title_text=&#8221;Untitled design &#8211; 2021-11-18T141718.096&#8243; sticky_enabled=&#8221;0&#8243;][\/et_pb_image][\/et_pb_column][et_pb_column type=&#8221;1_2&#8243; _builder_version=&#8221;4.16&#8243; _module_preset=&#8221;default&#8221; global_colors_info=&#8221;{}&#8221;][et_pb_text _builder_version=&#8221;4.16&#8243; text_font=&#8221;||||||||&#8221; text_font_size=&#8221;16px&#8221; text_line_height=&#8221;2em&#8221; header_font=&#8221;Poppins||||||||&#8221; header_font_size=&#8221;35px&#8221; header_line_height=&#8221;1.4em&#8221; header_2_font=&#8221;Poppins||||||||&#8221; header_2_font_size=&#8221;35px&#8221; header_2_line_height=&#8221;1.4em&#8221; max_width=&#8221;600px&#8221; module_alignment=&#8221;center&#8221; custom_margin=&#8221;2px||||false|false&#8221; custom_margin_tablet=&#8221;20px||||false|false&#8221; custom_margin_phone=&#8221;&#8221; custom_margin_last_edited=&#8221;on|phone&#8221; header_font_size_tablet=&#8221;30px&#8221; header_font_size_phone=&#8221;25px&#8221; header_font_size_last_edited=&#8221;on|desktop&#8221; header_2_font_size_tablet=&#8221;30px&#8221; header_2_font_size_phone=&#8221;25px&#8221; header_2_font_size_last_edited=&#8221;on|desktop&#8221; global_colors_info=&#8221;{}&#8221;]<\/p>\n<h1>Cerimonie, Servizi Funebri o Commemorativi a Moncalieri<\/h1>\n<p>Seguire con voi la cerimonia funebre sino al cimitero, alla tumulazione della salma o alla cremazione ed accompagnarvi alla successiva consegna e tumulazione delle ceneri.<br \/>\nIndipendentemente dall&#8217;ambiente e dalla formula scelta, il nostro staff professionale, esperto in <strong>cerimonie funebri<\/strong>, vi assister\u00e0 nella creazione di un servizio che rifletta il viaggio di vita unico della persona amata.[\/et_pb_text][\/et_pb_column][\/et_pb_row][et_pb_row column_structure=&#8221;1_2,1_2&#8243; _builder_version=&#8221;4.16&#8243; _module_preset=&#8221;default&#8221; global_colors_info=&#8221;{}&#8221;][et_pb_column type=&#8221;1_2&#8243; _builder_version=&#8221;4.16&#8243; _module_preset=&#8221;default&#8221; global_colors_info=&#8221;{}&#8221;][et_pb_text _builder_version=&#8221;4.16&#8243; text_font=&#8221;||||||||&#8221; text_font_size=&#8221;16px&#8221; text_line_height=&#8221;2em&#8221; header_font=&#8221;Poppins||||||||&#8221; header_font_size=&#8221;35px&#8221; header_line_height=&#8221;1.4em&#8221; header_2_font=&#8221;Poppins||||||||&#8221; header_2_font_size=&#8221;35px&#8221; header_2_line_height=&#8221;1.4em&#8221; max_width=&#8221;600px&#8221; module_alignment=&#8221;center&#8221; custom_margin=&#8221;2px||||false|false&#8221; custom_margin_tablet=&#8221;20px||||false|false&#8221; custom_margin_phone=&#8221;&#8221; custom_margin_last_edited=&#8221;on|phone&#8221; header_font_size_tablet=&#8221;30px&#8221; header_font_size_phone=&#8221;25px&#8221; header_font_size_last_edited=&#8221;on|desktop&#8221; header_2_font_size_tablet=&#8221;30px&#8221; header_2_font_size_phone=&#8221;25px&#8221; header_2_font_size_last_edited=&#8221;on|desktop&#8221; global_colors_info=&#8221;{}&#8221;]<\/p>\n<h2>Esperti nell\u2019organizzazione dei funerali a Moncalieri<\/h2>\n<p>Rispettare il dolore della famiglia nel momento della scomparsa di una persona cara \u00e8 importantissimo. Ma \u00e8 altrettanto importante, in questi delicati momenti, agire con tempestivit\u00e0 e massima organizzazione, in modo tale che la preparazione del funerale non sia in alcun caso un ulteriore onere per i cari del defunto.<\/p>\n<p>Le Onoranze funebri La Mole sono specializzate nell\u2019organizzazione di funerali sia con rito religioso che civile. Vogliamo rappresentare un supporto concreto e affidabile in un momento di grande sofferenza. Ci occupiamo di ogni aspetto dell&#8217;organizzazione del funerale, dalle pratiche relative al decesso e i permessi cimiteriali fino al trasporto della salma e alla cerimonia di commiato.[\/et_pb_text][\/et_pb_column][et_pb_column type=&#8221;1_2&#8243; _builder_version=&#8221;4.16&#8243; _module_preset=&#8221;default&#8221; global_colors_info=&#8221;{}&#8221;][et_pb_image src=&#8221;https:\/\/onoranzefunebrilamole.com\/wp-content\/uploads\/2021\/11\/Untitled-design-2021-11-19T160422.252.jpg&#8221; align_tablet=&#8221;center&#8221; align_phone=&#8221;&#8221; align_last_edited=&#8221;on|desktop&#8221; _builder_version=&#8221;4.27.3&#8243; custom_margin=&#8221;-30px||0px||false|false&#8221; custom_padding=&#8221;30px||30px||true|false&#8221; hover_enabled=&#8221;0&#8243; border_width_all=&#8221;12px&#8221; border_color_all=&#8221;rgba(183,183,183,0.22)&#8221; border_style_all=&#8221;ridge&#8221; global_colors_info=&#8221;{}&#8221; title_text=&#8221;Untitled design &#8211; 2021-11-19T160422.252&#8243; sticky_enabled=&#8221;0&#8243;][\/et_pb_image][\/et_pb_column][\/et_pb_row][\/et_pb_section]<\/p>\n","protected":false},"excerpt":{"rendered":"<p>Cerimonia FunebreRiunirsi con amici e familiari offre a tutti l&#8217;opportunit\u00e0 di connettersi, condividere ricordi, offrire parole di simpatia e creare una rete duratura di conforto e supporto.Cerimonie, Servizi Funebri o Commemorativi a Moncalieri Seguire con voi la cerimonia funebre sino al cimitero, alla tumulazione della salma o alla cremazione ed accompagnarvi alla successiva consegna e [&hellip;]<\/p>\n","protected":false},"author":1,"featured_media":0,"parent":0,"menu_order":0,"comment_status":"closed","ping_status":"closed","template":"","meta":{"_et_pb_use_builder":"on","_et_pb_old_content":"<!-- wp:divi\/placeholder \/-->","_et_gb_content_width":"","footnotes":""},"class_list":["post-51459","page","type-page","status-publish","hentry"],"yoast_head":"<!-- This site is optimized with the Yoast SEO plugin v26.3 - https:\/\/yoast.com\/wordpress\/plugins\/seo\/ -->\n<title>Commemorazioni funebre Moncalieri | Onoranze Funebri La Mole<\/title>\n<meta name=\"description\" content=\"Il nostro staff professionale \u00e8 esperto in cerimonia funebre a Torino, e vi assister\u00e0 nella creazione di un servizio che rifletta le volont\u00e0 del defunto.\" \/>\n<meta name=\"robots\" content=\"index, follow, max-snippet:-1, max-image-preview:large, max-video-preview:-1\" \/>\n<link rel=\"canonical\" href=\"https:\/\/onoranzefunebrilamole.com\/cerimonia-funebre\/\" \/>\n<meta property=\"og:locale\" content=\"it_IT\" \/>\n<meta property=\"og:type\" content=\"article\" \/>\n<meta property=\"og:title\" content=\"Commemorazioni funebre Moncalieri | Onoranze Funebri La Mole\" \/>\n<meta property=\"og:description\" content=\"Il nostro staff professionale \u00e8 esperto in cerimonia funebre a Torino, e vi assister\u00e0 nella creazione di un servizio che rifletta le volont\u00e0 del defunto.\" \/>\n<meta property=\"og:url\" content=\"https:\/\/onoranzefunebrilamole.com\/cerimonia-funebre\/\" \/>\n<meta property=\"og:site_name\" content=\"Onoranze Funebri La Mole\" \/>\n<meta property=\"article:publisher\" content=\"https:\/\/www.facebook.com\/onoranzefunebrilamole\/?locale=it_IT\" \/>\n<meta property=\"article:modified_time\" content=\"2024-11-22T12:33:38+00:00\" \/>\n<meta name=\"twitter:card\" content=\"summary_large_image\" \/>\n<meta name=\"twitter:label1\" content=\"Tempo di lettura stimato\" \/>\n\t<meta name=\"twitter:data1\" content=\"3 minuti\" \/>\n<script type=\"application\/ld+json\" class=\"yoast-schema-graph\">{\"@context\":\"https:\/\/schema.org\",\"@graph\":[{\"@type\":\"WebPage\",\"@id\":\"https:\/\/onoranzefunebrilamole.com\/cerimonia-funebre\/\",\"url\":\"https:\/\/onoranzefunebrilamole.com\/cerimonia-funebre\/\",\"name\":\"Commemorazioni funebre Moncalieri | Onoranze Funebri La Mole\",\"isPartOf\":{\"@id\":\"https:\/\/onoranzefunebrilamole.com\/#website\"},\"datePublished\":\"2021-11-17T13:47:17+00:00\",\"dateModified\":\"2024-11-22T12:33:38+00:00\",\"description\":\"Il nostro staff professionale \u00e8 esperto in cerimonia funebre a Torino, e vi assister\u00e0 nella creazione di un servizio che rifletta le volont\u00e0 del defunto.\",\"breadcrumb\":{\"@id\":\"https:\/\/onoranzefunebrilamole.com\/cerimonia-funebre\/#breadcrumb\"},\"inLanguage\":\"it-IT\",\"potentialAction\":[{\"@type\":\"ReadAction\",\"target\":[\"https:\/\/onoranzefunebrilamole.com\/cerimonia-funebre\/\"]}]},{\"@type\":\"BreadcrumbList\",\"@id\":\"https:\/\/onoranzefunebrilamole.com\/cerimonia-funebre\/#breadcrumb\",\"itemListElement\":[{\"@type\":\"ListItem\",\"position\":1,\"name\":\"Home\",\"item\":\"https:\/\/onoranzefunebrilamole.com\/\"},{\"@type\":\"ListItem\",\"position\":2,\"name\":\"Cerimonia Funebre\"}]},{\"@type\":\"WebSite\",\"@id\":\"https:\/\/onoranzefunebrilamole.com\/#website\",\"url\":\"https:\/\/onoranzefunebrilamole.com\/\",\"name\":\"Onoranze Funebri La Mole\",\"description\":\"\",\"publisher\":{\"@id\":\"https:\/\/onoranzefunebrilamole.com\/#organization\"},\"potentialAction\":[{\"@type\":\"SearchAction\",\"target\":{\"@type\":\"EntryPoint\",\"urlTemplate\":\"https:\/\/onoranzefunebrilamole.com\/?s={search_term_string}\"},\"query-input\":{\"@type\":\"PropertyValueSpecification\",\"valueRequired\":true,\"valueName\":\"search_term_string\"}}],\"inLanguage\":\"it-IT\"},{\"@type\":\"Organization\",\"@id\":\"https:\/\/onoranzefunebrilamole.com\/#organization\",\"name\":\"Onoranze Funebri La Mole\",\"url\":\"https:\/\/onoranzefunebrilamole.com\/\",\"logo\":{\"@type\":\"ImageObject\",\"inLanguage\":\"it-IT\",\"@id\":\"https:\/\/onoranzefunebrilamole.com\/#\/schema\/logo\/image\/\",\"url\":\"https:\/\/onoranzefunebrilamole.com\/wp-content\/uploads\/2022\/01\/Logo-La-Mole.png\",\"contentUrl\":\"https:\/\/onoranzefunebrilamole.com\/wp-content\/uploads\/2022\/01\/Logo-La-Mole.png\",\"width\":8468,\"height\":2172,\"caption\":\"Onoranze Funebri La Mole\"},\"image\":{\"@id\":\"https:\/\/onoranzefunebrilamole.com\/#\/schema\/logo\/image\/\"},\"sameAs\":[\"https:\/\/www.facebook.com\/onoranzefunebrilamole\/?locale=it_IT\"]}]}<\/script>\n<!-- \/ Yoast SEO plugin. -->","yoast_head_json":{"title":"Commemorazioni funebre Moncalieri | Onoranze Funebri La Mole","description":"Il nostro staff professionale \u00e8 esperto in cerimonia funebre a Torino, e vi assister\u00e0 nella creazione di un servizio che rifletta le volont\u00e0 del defunto.","robots":{"index":"index","follow":"follow","max-snippet":"max-snippet:-1","max-image-preview":"max-image-preview:large","max-video-preview":"max-video-preview:-1"},"canonical":"https:\/\/onoranzefunebrilamole.com\/cerimonia-funebre\/","og_locale":"it_IT","og_type":"article","og_title":"Commemorazioni funebre Moncalieri | Onoranze Funebri La Mole","og_description":"Il nostro staff professionale \u00e8 esperto in cerimonia funebre a Torino, e vi assister\u00e0 nella creazione di un servizio che rifletta le volont\u00e0 del defunto.","og_url":"https:\/\/onoranzefunebrilamole.com\/cerimonia-funebre\/","og_site_name":"Onoranze Funebri La Mole","article_publisher":"https:\/\/www.facebook.com\/onoranzefunebrilamole\/?locale=it_IT","article_modified_time":"2024-11-22T12:33:38+00:00","twitter_card":"summary_large_image","twitter_misc":{"Tempo di lettura stimato":"3 minuti"},"schema":{"@context":"https:\/\/schema.org","@graph":[{"@type":"WebPage","@id":"https:\/\/onoranzefunebrilamole.com\/cerimonia-funebre\/","url":"https:\/\/onoranzefunebrilamole.com\/cerimonia-funebre\/","name":"Commemorazioni funebre Moncalieri | Onoranze Funebri La Mole","isPartOf":{"@id":"https:\/\/onoranzefunebrilamole.com\/#website"},"datePublished":"2021-11-17T13:47:17+00:00","dateModified":"2024-11-22T12:33:38+00:00","description":"Il nostro staff professionale \u00e8 esperto in cerimonia funebre a Torino, e vi assister\u00e0 nella creazione di un servizio che rifletta le volont\u00e0 del defunto.","breadcrumb":{"@id":"https:\/\/onoranzefunebrilamole.com\/cerimonia-funebre\/#breadcrumb"},"inLanguage":"it-IT","potentialAction":[{"@type":"ReadAction","target":["https:\/\/onoranzefunebrilamole.com\/cerimonia-funebre\/"]}]},{"@type":"BreadcrumbList","@id":"https:\/\/onoranzefunebrilamole.com\/cerimonia-funebre\/#breadcrumb","itemListElement":[{"@type":"ListItem","position":1,"name":"Home","item":"https:\/\/onoranzefunebrilamole.com\/"},{"@type":"ListItem","position":2,"name":"Cerimonia Funebre"}]},{"@type":"WebSite","@id":"https:\/\/onoranzefunebrilamole.com\/#website","url":"https:\/\/onoranzefunebrilamole.com\/","name":"Onoranze Funebri La Mole","description":"","publisher":{"@id":"https:\/\/onoranzefunebrilamole.com\/#organization"},"potentialAction":[{"@type":"SearchAction","target":{"@type":"EntryPoint","urlTemplate":"https:\/\/onoranzefunebrilamole.com\/?s={search_term_string}"},"query-input":{"@type":"PropertyValueSpecification","valueRequired":true,"valueName":"search_term_string"}}],"inLanguage":"it-IT"},{"@type":"Organization","@id":"https:\/\/onoranzefunebrilamole.com\/#organization","name":"Onoranze Funebri La Mole","url":"https:\/\/onoranzefunebrilamole.com\/","logo":{"@type":"ImageObject","inLanguage":"it-IT","@id":"https:\/\/onoranzefunebrilamole.com\/#\/schema\/logo\/image\/","url":"https:\/\/onoranzefunebrilamole.com\/wp-content\/uploads\/2022\/01\/Logo-La-Mole.png","contentUrl":"https:\/\/onoranzefunebrilamole.com\/wp-content\/uploads\/2022\/01\/Logo-La-Mole.png","width":8468,"height":2172,"caption":"Onoranze Funebri La Mole"},"image":{"@id":"https:\/\/onoranzefunebrilamole.com\/#\/schema\/logo\/image\/"},"sameAs":["https:\/\/www.facebook.com\/onoranzefunebrilamole\/?locale=it_IT"]}]}},"_links":{"self":[{"href":"https:\/\/onoranzefunebrilamole.com\/index.php?rest_route=\/wp\/v2\/pages\/51459","targetHints":{"allow":["GET"]}}],"collection":[{"href":"https:\/\/onoranzefunebrilamole.com\/index.php?rest_route=\/wp\/v2\/pages"}],"about":[{"href":"https:\/\/onoranzefunebrilamole.com\/index.php?rest_route=\/wp\/v2\/types\/page"}],"author":[{"embeddable":true,"href":"https:\/\/onoranzefunebrilamole.com\/index.php?rest_route=\/wp\/v2\/users\/1"}],"replies":[{"embeddable":true,"href":"https:\/\/onoranzefunebrilamole.com\/index.php?rest_route=%2Fwp%2Fv2%2Fcomments&post=51459"}],"version-history":[{"count":25,"href":"https:\/\/onoranzefunebrilamole.com\/index.php?rest_route=\/wp\/v2\/pages\/51459\/revisions"}],"predecessor-version":[{"id":52485,"href":"https:\/\/onoranzefunebrilamole.com\/index.php?rest_route=\/wp\/v2\/pages\/51459\/revisions\/52485"}],"wp:attachment":[{"href":"https:\/\/onoranzefunebrilamole.com\/index.php?rest_route=%2Fwp%2Fv2%2Fmedia&parent=51459"}],"curies":[{"name":"wp","href":"https:\/\/api.w.org\/{rel}","templated":true}]}}